{"id":66,"date":"2013-06-26T20:52:41","date_gmt":"2013-06-26T20:52:41","guid":{"rendered":"https:\/\/www.whatsupdoc.cat\/?page_id=66"},"modified":"2017-06-15T17:20:18","modified_gmt":"2017-06-15T15:20:18","slug":"who-we-are","status":"publish","type":"page","link":"https:\/\/www.whatsupdoc.cat\/en\/who-we-are","title":{"rendered":"Who we are"},"content":{"rendered":"<p>What\u2019s Up Doc was launched \u00a0in 2012 to produce the movie <i>Serrat y Sabina: El s\u00edmbolo y el cuate<\/i>, directed by Francesc Relea and produced by Isabel Jubert. The world premi\u00e8re was at the 61st edition of the San Sebasti\u00e1n Film Festival (2013). That first project exceeded all expectations and fed new dreams.<\/p>\n<p>What&#8217;s Up Doc team \u00a0journalistic background is our best business card. We want to tell stories using all existing channels. Stories from the 21st Century, from a world without borders. Stories of the global community. Stories with people, regardless how far or how close they are.<\/p>\n","protected":false},"excerpt":{"rendered":"<p>What\u2019s Up Doc was launched \u00a0in 2012 to produce the movie Serrat y Sabina: El s\u00edmbolo y el cuate, directed by Francesc Relea and produced by Isabel Jubert. The world premi\u00e8re was at the 61st edition of the San Sebasti\u00e1n Film Festival (2013). That first project exceeded all expectations and fed new dreams. What&#8217;s Up [&hellip;]<\/p>\n","protected":false},"author":1,"featured_media":495,"parent":0,"menu_order":23,"comment_status":"open","ping_status":"closed","template":"page-who.php","meta":[],"acf":[],"_links":{"self":[{"href":"https:\/\/www.whatsupdoc.cat\/en\/wp-json\/wp\/v2\/pages\/66"}],"collection":[{"href":"https:\/\/www.whatsupdoc.cat\/en\/wp-json\/wp\/v2\/pages"}],"about":[{"href":"https:\/\/www.whatsupdoc.cat\/en\/wp-json\/wp\/v2\/types\/page"}],"author":[{"embeddable":true,"href":"https:\/\/www.whatsupdoc.cat\/en\/wp-json\/wp\/v2\/users\/1"}],"replies":[{"embeddable":true,"href":"https:\/\/www.whatsupdoc.cat\/en\/wp-json\/wp\/v2\/comments?post=66"}],"version-history":[{"count":7,"href":"https:\/\/www.whatsupdoc.cat\/en\/wp-json\/wp\/v2\/pages\/66\/revisions"}],"predecessor-version":[{"id":602,"href":"https:\/\/www.whatsupdoc.cat\/en\/wp-json\/wp\/v2\/pages\/66\/revisions\/602"}],"wp:featuredmedia":[{"embeddable":true,"href":"https:\/\/www.whatsupdoc.cat\/en\/wp-json\/wp\/v2\/media\/495"}],"wp:attachment":[{"href":"https:\/\/www.whatsupdoc.cat\/en\/wp-json\/wp\/v2\/media?parent=66"}],"curies":[{"name":"wp","href":"https:\/\/api.w.org\/{rel}","templated":true}]}}