{"id":37,"date":"2013-05-27T16:40:51","date_gmt":"2013-05-27T16:40:51","guid":{"rendered":"https:\/\/www.whatsupdoc.cat\/?page_id=37"},"modified":"2017-06-15T17:24:02","modified_gmt":"2017-06-15T15:24:02","slug":"quienes-somos","status":"publish","type":"page","link":"https:\/\/www.whatsupdoc.cat\/ca\/quienes-somos","title":{"rendered":"Qui som"},"content":{"rendered":"<p>What\u2019s Up Doc neix el 2012 amb la pel\u00b7l\u00edcula <i>Serrat y Sabina: El s\u00edmbolo y el cuate<\/i>, dirigida per Francesc Relea i produ\u00efda per Isabel Jubert. La premi\u00e8re mundial va tenir lloc a la 61\u00aa edici\u00f3 del Festival de Cine de San Sebasti\u00e1n (2013). Aquella primera aventura va superar totes les expectatives, i va alimentar nous somnis.<\/p>\n<p>El bagatge period\u00edstic dels dos promotors de What\u2019s Up Doc a <i>TV3-Televisi\u00f3 de Catalunya <\/i>i al diari <i>El Pa\u00eds<\/i> \u00e9s la targeta de presentaci\u00f3 que acompanya els projectes d\u2019aquesta empresa. Volem explicar hist\u00f2ries, a trav\u00e9s de diferents suports multim\u00e8dia a c\u00e0mera i de l\u2019ordinador, de la vida del segle XXI, d\u2019un m\u00f3n global on les fronteres s\u00f3n dada dia m\u00e9s obsoletes.<\/p>\n","protected":false},"excerpt":{"rendered":"<p>What\u2019s Up Doc neix el 2012 amb la pel\u00b7l\u00edcula Serrat y Sabina: El s\u00edmbolo y el cuate, dirigida per Francesc Relea i produ\u00efda per Isabel Jubert. La premi\u00e8re mundial va tenir lloc a la 61\u00aa edici\u00f3 del Festival de Cine de San Sebasti\u00e1n (2013). Aquella primera aventura va superar totes les expectatives, i va alimentar [&hellip;]<\/p>\n","protected":false},"author":1,"featured_media":495,"parent":0,"menu_order":24,"comment_status":"open","ping_status":"closed","template":"page-who.php","meta":[],"acf":[],"_links":{"self":[{"href":"https:\/\/www.whatsupdoc.cat\/ca\/wp-json\/wp\/v2\/pages\/37"}],"collection":[{"href":"https:\/\/www.whatsupdoc.cat\/ca\/wp-json\/wp\/v2\/pages"}],"about":[{"href":"https:\/\/www.whatsupdoc.cat\/ca\/wp-json\/wp\/v2\/types\/page"}],"author":[{"embeddable":true,"href":"https:\/\/www.whatsupdoc.cat\/ca\/wp-json\/wp\/v2\/users\/1"}],"replies":[{"embeddable":true,"href":"https:\/\/www.whatsupdoc.cat\/ca\/wp-json\/wp\/v2\/comments?post=37"}],"version-history":[{"count":9,"href":"https:\/\/www.whatsupdoc.cat\/ca\/wp-json\/wp\/v2\/pages\/37\/revisions"}],"predecessor-version":[{"id":606,"href":"https:\/\/www.whatsupdoc.cat\/ca\/wp-json\/wp\/v2\/pages\/37\/revisions\/606"}],"wp:featuredmedia":[{"embeddable":true,"href":"https:\/\/www.whatsupdoc.cat\/ca\/wp-json\/wp\/v2\/media\/495"}],"wp:attachment":[{"href":"https:\/\/www.whatsupdoc.cat\/ca\/wp-json\/wp\/v2\/media?parent=37"}],"curies":[{"name":"wp","href":"https:\/\/api.w.org\/{rel}","templated":true}]}}