{"id":243,"date":"2014-09-14T14:10:04","date_gmt":"2014-09-14T14:10:04","guid":{"rendered":"https:\/\/www.whatsupdoc.cat\/cities-for-life-2"},"modified":"2017-06-16T15:20:25","modified_gmt":"2017-06-16T13:20:25","slug":"ciutats-a-contrallum","status":"publish","type":"page","link":"https:\/\/www.whatsupdoc.cat\/ca\/ciutats-a-contrallum","title":{"rendered":"CIUTATS A CONTRALLUM"},"content":{"rendered":"<h2>Sinopsi<\/h2>\n<p><strong><em>Ciutats a Contrallum <\/em><\/strong>\u00e9s una pel\u00b7l\u00edcula documental que cartografia l\u2019\u00e0nima de quatre ciutats que evoquen destrucci\u00f3 i dolor. Fa dues d\u00e8cades eren un infern, ara mostren al m\u00f3n el significat de la resili\u00e8ncia, la capacitat de resurgir de les cendres.<\/p>\n<p>El passat va ser la viol\u00e8ncia del narcotr\u00e0fic a <strong>Medell\u00edn<\/strong>, el setge de <strong>Sarajevo<\/strong>, el setge de <strong>Beirut<\/strong> i el genocidi de <strong>Kigali<\/strong> i Ruanda. Avui veiem la transformaci\u00f3 d\u2019aquestes ciutats de la m\u00e0 d\u2019alguns dels seus habitants i descobrim que no \u00e9s tan sols un canvi de cara. Les hist\u00f2ries dels nostres protagonistes reflexen la capacitat de l\u2019\u00e9sser hum\u00e0 de superar obstacles, de ren\u00e9ixer amb m\u00e9s for\u00e7a, vitalitat i optimisme.<\/p>\n<p>El hip-hop a Medell\u00edn, el cine a Sarajevo, la Marat\u00f3 a Beirut i el ciclisme a Kigali s\u00f3n molt m\u00e9s que eines l\u00fadiques. Avui s\u00f3n instruments del mapa urb\u00e0 que es dibuixa dia a dia en un nou temps de pau i reconstrucci\u00f3.<\/p>\n<p><a href=\"http:\/\/ciudadesacontraluz.com\/\" target=\"_blank\" rel=\"noopener\">www.ciudadesacontraluz.com<\/a><\/p>\n","protected":false},"excerpt":{"rendered":"<p>Sinopsi Ciutats a Contrallum \u00e9s una pel\u00b7l\u00edcula documental que cartografia l\u2019\u00e0nima de quatre ciutats que evoquen destrucci\u00f3 i dolor. Fa dues d\u00e8cades eren un infern, ara mostren al m\u00f3n el significat de la resili\u00e8ncia, la capacitat de resurgir de les cendres. El passat va ser la viol\u00e8ncia del narcotr\u00e0fic a Medell\u00edn, el setge de Sarajevo, [&hellip;]<\/p>\n","protected":false},"author":1,"featured_media":562,"parent":0,"menu_order":12,"comment_status":"open","ping_status":"open","template":"page-what.php","meta":[],"acf":[],"_links":{"self":[{"href":"https:\/\/www.whatsupdoc.cat\/ca\/wp-json\/wp\/v2\/pages\/243"}],"collection":[{"href":"https:\/\/www.whatsupdoc.cat\/ca\/wp-json\/wp\/v2\/pages"}],"about":[{"href":"https:\/\/www.whatsupdoc.cat\/ca\/wp-json\/wp\/v2\/types\/page"}],"author":[{"embeddable":true,"href":"https:\/\/www.whatsupdoc.cat\/ca\/wp-json\/wp\/v2\/users\/1"}],"replies":[{"embeddable":true,"href":"https:\/\/www.whatsupdoc.cat\/ca\/wp-json\/wp\/v2\/comments?post=243"}],"version-history":[{"count":18,"href":"https:\/\/www.whatsupdoc.cat\/ca\/wp-json\/wp\/v2\/pages\/243\/revisions"}],"predecessor-version":[{"id":1462,"href":"https:\/\/www.whatsupdoc.cat\/ca\/wp-json\/wp\/v2\/pages\/243\/revisions\/1462"}],"wp:featuredmedia":[{"embeddable":true,"href":"https:\/\/www.whatsupdoc.cat\/ca\/wp-json\/wp\/v2\/media\/562"}],"wp:attachment":[{"href":"https:\/\/www.whatsupdoc.cat\/ca\/wp-json\/wp\/v2\/media?parent=243"}],"curies":[{"name":"wp","href":"https:\/\/api.w.org\/{rel}","templated":true}]}}