{"id":232,"date":"2014-09-14T21:55:44","date_gmt":"2014-09-14T21:55:44","guid":{"rendered":"https:\/\/www.whatsupdoc.cat\/isabel-jubert-2"},"modified":"2014-10-10T14:53:42","modified_gmt":"2014-10-10T12:53:42","slug":"isabel-jubert","status":"publish","type":"page","link":"https:\/\/www.whatsupdoc.cat\/ca\/isabel-jubert","title":{"rendered":"Isabel Jubert"},"content":{"rendered":"<p>Isabel Jubert inici\u00e0 la seva treject\u00f2ria professional a TV3, Televisi\u00f3 de Catalunya, l&#8217;any 1984 com a productora del programa 30 Minuts.<\/p>\n<p>Al 1990 s&#8217;uneix al equip fundacional de Canal Plus a\u00a0 la producci\u00f3 dels magazins Primer Plano i Lo M\u00e1s Plus.<\/p>\n<p>Al 1995 marxa a Londres per a iniciar una nova etapa com a executiva de vendes de l&#8217;ag\u00e8ncia Associated Press Television essent responsable del mercat mediterrani.<\/p>\n<p>A partir de l&#8217;any 2000 traballa ja com a freelance en diferents projectes audiovisuals per a Planeta, EFE , TV3, Parallel 40\u2026. Viatjant per Am\u00e8rica Llatina.<\/p>\n<p>Al 2012 retorna a Barcelona i decideix crear la seva propia productora \u201cWhat\u2019s Up Doc\u201d per a produir documentals i altres continguts multimedia.<\/p>\n","protected":false},"excerpt":{"rendered":"<p>Isabel Jubert inici\u00e0 la seva treject\u00f2ria professional a TV3, Televisi\u00f3 de Catalunya, l&#8217;any 1984 com a productora del programa 30 Minuts. Al 1990 s&#8217;uneix al equip fundacional de Canal Plus a\u00a0 la producci\u00f3 dels magazins Primer Plano i Lo M\u00e1s Plus. Al 1995 marxa a Londres per a iniciar una nova etapa com a executiva [&hellip;]<\/p>\n","protected":false},"author":1,"featured_media":284,"parent":0,"menu_order":11,"comment_status":"open","ping_status":"open","template":"page-who-proyectos.php","meta":[],"acf":[],"_links":{"self":[{"href":"https:\/\/www.whatsupdoc.cat\/ca\/wp-json\/wp\/v2\/pages\/232"}],"collection":[{"href":"https:\/\/www.whatsupdoc.cat\/ca\/wp-json\/wp\/v2\/pages"}],"about":[{"href":"https:\/\/www.whatsupdoc.cat\/ca\/wp-json\/wp\/v2\/types\/page"}],"author":[{"embeddable":true,"href":"https:\/\/www.whatsupdoc.cat\/ca\/wp-json\/wp\/v2\/users\/1"}],"replies":[{"embeddable":true,"href":"https:\/\/www.whatsupdoc.cat\/ca\/wp-json\/wp\/v2\/comments?post=232"}],"version-history":[{"count":8,"href":"https:\/\/www.whatsupdoc.cat\/ca\/wp-json\/wp\/v2\/pages\/232\/revisions"}],"predecessor-version":[{"id":500,"href":"https:\/\/www.whatsupdoc.cat\/ca\/wp-json\/wp\/v2\/pages\/232\/revisions\/500"}],"wp:featuredmedia":[{"embeddable":true,"href":"https:\/\/www.whatsupdoc.cat\/ca\/wp-json\/wp\/v2\/media\/284"}],"wp:attachment":[{"href":"https:\/\/www.whatsupdoc.cat\/ca\/wp-json\/wp\/v2\/media?parent=232"}],"curies":[{"name":"wp","href":"https:\/\/api.w.org\/{rel}","templated":true}]}}