{"id":206,"date":"2014-09-10T14:02:10","date_gmt":"2014-09-10T14:02:10","guid":{"rendered":"https:\/\/www.whatsupdoc.cat\/francesc-relea-3"},"modified":"2017-06-16T15:13:21","modified_gmt":"2017-06-16T13:13:21","slug":"francesc-relea","status":"publish","type":"page","link":"https:\/\/www.whatsupdoc.cat\/ca\/francesc-relea","title":{"rendered":"Francesc Relea"},"content":{"rendered":"<p>Francesc Relea ha estat corresponsal de\u00a0 El Pa\u00eds succesivament a<br \/>\nAm\u00e9rica del Sud, M\u00e9xic i Centream\u00e8rica i Portugal, entre els<br \/>\nanys 1998 y 2011.<\/p>\n<p>Va cobrir per al mateix diari la guerra de l&#8217;antiga Iugoslavia entre 1992 y 1995.<\/p>\n<p>Anteriorment, form\u00e0 part de l&#8217;equip fundacional del programa 30 Minuts, de Televisi\u00f3 de Catalunya &#8211; TV3, com a reporter en diferents punts d&#8217;\u00c0frica, Pr\u00f3xim Orient i Am\u00e8rica Llatina.<\/p>\n<p>Va iniciar la seva carrera professional a el Peri\u00f3dico de Catalu\u00f1a.<br \/>\nLa seva feina per a la televisi\u00f3 inclou els seg\u00fcents reportatges i documentals:<\/p>\n<p><strong>Televisi\u00f3 de Catalunya:<\/strong><br \/>\n1984\u00a0 Especial: Normandia<br \/>\n1982\u00a0 Garbo, l\u2019espia que va enganyar a Hitler<br \/>\n1984\u00a0 Ronald Reagan: l\u2019orgull de ser americ\u00e0<br \/>\n1985\u00a0 Nicaragua: guerra a les muntanyes<br \/>\n1985\u00a0 L\u00edban: el fiasco d\u2019Israel<br \/>\n1985\u00a0 SIDA: un virus que s&#8217;est\u00e9n<\/p>\n","protected":false},"excerpt":{"rendered":"<p>Francesc Relea ha estat corresponsal de\u00a0 El Pa\u00eds succesivament a Am\u00e9rica del Sud, M\u00e9xic i Centream\u00e8rica i Portugal, entre els anys 1998 y 2011. Va cobrir per al mateix diari la guerra de l&#8217;antiga Iugoslavia entre 1992 y 1995. Anteriorment, form\u00e0 part de l&#8217;equip fundacional del programa 30 Minuts, de Televisi\u00f3 de Catalunya &#8211; TV3, [&hellip;]<\/p>\n","protected":false},"author":1,"featured_media":1455,"parent":0,"menu_order":16,"comment_status":"open","ping_status":"open","template":"page-who-articles.php","meta":[],"acf":[],"_links":{"self":[{"href":"https:\/\/www.whatsupdoc.cat\/ca\/wp-json\/wp\/v2\/pages\/206"}],"collection":[{"href":"https:\/\/www.whatsupdoc.cat\/ca\/wp-json\/wp\/v2\/pages"}],"about":[{"href":"https:\/\/www.whatsupdoc.cat\/ca\/wp-json\/wp\/v2\/types\/page"}],"author":[{"embeddable":true,"href":"https:\/\/www.whatsupdoc.cat\/ca\/wp-json\/wp\/v2\/users\/1"}],"replies":[{"embeddable":true,"href":"https:\/\/www.whatsupdoc.cat\/ca\/wp-json\/wp\/v2\/comments?post=206"}],"version-history":[{"count":6,"href":"https:\/\/www.whatsupdoc.cat\/ca\/wp-json\/wp\/v2\/pages\/206\/revisions"}],"predecessor-version":[{"id":506,"href":"https:\/\/www.whatsupdoc.cat\/ca\/wp-json\/wp\/v2\/pages\/206\/revisions\/506"}],"wp:featuredmedia":[{"embeddable":true,"href":"https:\/\/www.whatsupdoc.cat\/ca\/wp-json\/wp\/v2\/media\/1455"}],"wp:attachment":[{"href":"https:\/\/www.whatsupdoc.cat\/ca\/wp-json\/wp\/v2\/media?parent=206"}],"curies":[{"name":"wp","href":"https:\/\/api.w.org\/{rel}","templated":true}]}}